{"id":8,"date":"2011-09-10T13:42:32","date_gmt":"2011-09-10T13:42:32","guid":{"rendered":"http:\/\/abarentacar.com.ar\/?page_id=8"},"modified":"2016-06-05T22:36:27","modified_gmt":"2016-06-06T01:36:27","slug":"beneficios-adicionales-sin-cargo","status":"publish","type":"page","link":"https:\/\/abarentacar.com.ar\/pt\/beneficios-adicionais-sem-tarifas\/","title":{"rendered":"Informa\u00e7\u00e3o adicional"},"content":{"rendered":"<p><\/p>\n<h4>Requisitos<\/h4>\n<ul>\n<li><strong>Carteira de motorista do pa\u00eds de origem vigente<\/strong><\/li>\n<li><strong>Cart\u00e3o de Cr\u00e9dito<\/strong><\/li>\n<li><strong>Idade m\u00ednima 21 anos<\/strong><\/li>\n<\/ul>\n<h4>Localidades que brindamos Servi\u00e7o<\/h4>\n<ul>\n<li><strong>ABA Rent a Car<\/strong> tem sua central em San Carlos de Bariloche. O servi\u00e7o de retiro ou entrega em outras localidades tem um custo de acordo aos quil\u00f4metros de dist\u00e2ncia. Consulte.<\/li>\n<\/ul>\n<h4>Recomenda\u00e7\u00f5es<\/h4>\n<ul>\n<li>Seja prudente com as velocidades nos caminhos a utilizar<\/li>\n<li>Use cinto de seguran\u00e7a no inverno e nos dias de temperaturas muito baixas<\/li>\n<li>Limpe os vidros com \u00e1gua fria antes de iniciar a marcha<\/li>\n<li>Mantenha o tanque de combust\u00edvel cheio<\/li>\n<li>N\u00e3o deixe o freio de m\u00e3o ativado nos dias de temperatura muito baixas<\/li>\n<li>Desfrute a natureza<\/li>\n<\/ul>\n<p><\/p>","protected":false},"excerpt":{"rendered":"Requisitos Carteira de motorista do pa\u00eds de origem vigente Cart\u00e3o de Cr\u00e9dito Idade m\u00ednima 21 anos Localidades que brindamos Servi\u00e7o ABA Rent a Car tem sua central em San Carlos de Bariloche. O servi\u00e7o de retiro ou entrega em outras localidades tem um custo de acordo aos quil\u00f4metros de dist\u00e2ncia. Consulte. Recomenda\u00e7\u00f5es Seja prudente com&#8230; <a class=\"view-article\" href=\"https:\/\/abarentacar.com.ar\/pt\/beneficios-adicionais-sem-tarifas\/\">View Article<\/a>","protected":false},"author":1,"featured_media":0,"parent":0,"menu_order":0,"comment_status":"open","ping_status":"open","template":"","meta":{"_joinchat":[]},"acf":[],"yoast_head":"<!-- This site is optimized with the Yoast SEO plugin v21.6 - https:\/\/yoast.com\/wordpress\/plugins\/seo\/ -->\n<title>Informa\u00e7\u00e3o adicional - Alquiler de autos en Bariloche y Patagonia<\/title>\n<meta name=\"robots\" content=\"index, follow, max-snippet:-1, max-image-preview:large, max-video-preview:-1\" \/>\n<link rel=\"canonical\" href=\"https:\/\/abarentacar.com.ar\/informacion-adicional\/\" \/>\n<meta property=\"og:locale\" content=\"pt_PT\" \/>\n<meta property=\"og:type\" content=\"article\" \/>\n<meta property=\"og:title\" content=\"Informa\u00e7\u00e3o adicional - Alquiler de autos en Bariloche y Patagonia\" \/>\n<meta property=\"og:description\" content=\"Requisitos Carteira de motorista do pa\u00eds de origem vigente Cart\u00e3o de Cr\u00e9dito Idade m\u00ednima 21 anos Localidades que brindamos Servi\u00e7o ABA Rent a Car tem sua central em San Carlos de Bariloche. O servi\u00e7o de retiro ou entrega em outras localidades tem um custo de acordo aos quil\u00f4metros de dist\u00e2ncia. Consulte. Recomenda\u00e7\u00f5es Seja prudente com... View Article\" \/>\n<meta property=\"og:url\" content=\"https:\/\/abarentacar.com.ar\/informacion-adicional\/\" \/>\n<meta property=\"og:site_name\" content=\"Alquiler de autos en Bariloche y Patagonia\" \/>\n<meta property=\"article:publisher\" content=\"https:\/\/www.facebook.com\/#%21%2fpages%2fABA-rent-a-car-Bariloche%2f123013547780595\" \/>\n<meta property=\"article:modified_time\" content=\"2016-06-06T01:36:27+00:00\" \/>\n<meta property=\"og:image\" content=\"https:\/\/abarentacar.com.ar\/wp-content\/uploads\/2016\/06\/abarentacar.jpg\" \/>\n\t<meta property=\"og:image:width\" content=\"800\" \/>\n\t<meta property=\"og:image:height\" content=\"400\" \/>\n\t<meta property=\"og:image:type\" content=\"image\/jpeg\" \/>\n<meta name=\"twitter:card\" content=\"summary_large_image\" \/>\n<meta name=\"twitter:label1\" content=\"Tempo estimado de leitura\" \/>\n\t<meta name=\"twitter:data1\" content=\"2 minutos\" \/>\n<script type=\"application\/ld+json\" class=\"yoast-schema-graph\">{\"@context\":\"https:\/\/schema.org\",\"@graph\":[{\"@type\":\"WebPage\",\"@id\":\"https:\/\/abarentacar.com.ar\/informacion-adicional\/\",\"url\":\"https:\/\/abarentacar.com.ar\/informacion-adicional\/\",\"name\":\"Informa\u00e7\u00e3o adicional - Alquiler de autos en Bariloche y Patagonia\",\"isPartOf\":{\"@id\":\"https:\/\/abarentacar.com.ar\/#website\"},\"datePublished\":\"2011-09-10T13:42:32+00:00\",\"dateModified\":\"2016-06-06T01:36:27+00:00\",\"breadcrumb\":{\"@id\":\"https:\/\/abarentacar.com.ar\/informacion-adicional\/#breadcrumb\"},\"inLanguage\":\"pt-PT\",\"potentialAction\":[{\"@type\":\"ReadAction\",\"target\":[\"https:\/\/abarentacar.com.ar\/informacion-adicional\/\"]}]},{\"@type\":\"BreadcrumbList\",\"@id\":\"https:\/\/abarentacar.com.ar\/informacion-adicional\/#breadcrumb\",\"itemListElement\":[{\"@type\":\"ListItem\",\"position\":1,\"name\":\"Portada\",\"item\":\"https:\/\/abarentacar.com.ar\/\"},{\"@type\":\"ListItem\",\"position\":2,\"name\":\"Informaci\u00f3n adicional\"}]},{\"@type\":\"WebSite\",\"@id\":\"https:\/\/abarentacar.com.ar\/#website\",\"url\":\"https:\/\/abarentacar.com.ar\/\",\"name\":\"Alquiler de autos en Bariloche y Patagonia\",\"description\":\"ABA Rent a Car\",\"publisher\":{\"@id\":\"https:\/\/abarentacar.com.ar\/#organization\"},\"potentialAction\":[{\"@type\":\"SearchAction\",\"target\":{\"@type\":\"EntryPoint\",\"urlTemplate\":\"https:\/\/abarentacar.com.ar\/?s={search_term_string}\"},\"query-input\":\"required name=search_term_string\"}],\"inLanguage\":\"pt-PT\"},{\"@type\":\"Organization\",\"@id\":\"https:\/\/abarentacar.com.ar\/#organization\",\"name\":\"Alquiler de autos en Bariloche y Patagonia\",\"url\":\"https:\/\/abarentacar.com.ar\/\",\"logo\":{\"@type\":\"ImageObject\",\"inLanguage\":\"pt-PT\",\"@id\":\"https:\/\/abarentacar.com.ar\/#\/schema\/logo\/image\/\",\"url\":\"https:\/\/abarentacar.com.ar\/wp-content\/uploads\/2016\/06\/favicon3.png\",\"contentUrl\":\"https:\/\/abarentacar.com.ar\/wp-content\/uploads\/2016\/06\/favicon3.png\",\"width\":110,\"height\":113,\"caption\":\"Alquiler de autos en Bariloche y Patagonia\"},\"image\":{\"@id\":\"https:\/\/abarentacar.com.ar\/#\/schema\/logo\/image\/\"},\"sameAs\":[\"https:\/\/www.facebook.com\/#!\/pages\/ABA-rent-a-car-Bariloche\/123013547780595\"]}]}<\/script>\n<!-- \/ Yoast SEO plugin. -->","yoast_head_json":{"title":"Informa\u00e7\u00e3o adicional - Alquiler de autos en Bariloche y Patagonia","robots":{"index":"index","follow":"follow","max-snippet":"max-snippet:-1","max-image-preview":"max-image-preview:large","max-video-preview":"max-video-preview:-1"},"canonical":"https:\/\/abarentacar.com.ar\/informacion-adicional\/","og_locale":"pt_PT","og_type":"article","og_title":"Informa\u00e7\u00e3o adicional - Alquiler de autos en Bariloche y Patagonia","og_description":"Requisitos Carteira de motorista do pa\u00eds de origem vigente Cart\u00e3o de Cr\u00e9dito Idade m\u00ednima 21 anos Localidades que brindamos Servi\u00e7o ABA Rent a Car tem sua central em San Carlos de Bariloche. O servi\u00e7o de retiro ou entrega em outras localidades tem um custo de acordo aos quil\u00f4metros de dist\u00e2ncia. Consulte. Recomenda\u00e7\u00f5es Seja prudente com... View Article","og_url":"https:\/\/abarentacar.com.ar\/informacion-adicional\/","og_site_name":"Alquiler de autos en Bariloche y Patagonia","article_publisher":"https:\/\/www.facebook.com\/#%21%2fpages%2fABA-rent-a-car-Bariloche%2f123013547780595","article_modified_time":"2016-06-06T01:36:27+00:00","og_image":[{"width":800,"height":400,"url":"https:\/\/abarentacar.com.ar\/wp-content\/uploads\/2016\/06\/abarentacar.jpg","type":"image\/jpeg"}],"twitter_card":"summary_large_image","twitter_misc":{"Tempo estimado de leitura":"2 minutos"},"schema":{"@context":"https:\/\/schema.org","@graph":[{"@type":"WebPage","@id":"https:\/\/abarentacar.com.ar\/informacion-adicional\/","url":"https:\/\/abarentacar.com.ar\/informacion-adicional\/","name":"Informa\u00e7\u00e3o adicional - Alquiler de autos en Bariloche y Patagonia","isPartOf":{"@id":"https:\/\/abarentacar.com.ar\/#website"},"datePublished":"2011-09-10T13:42:32+00:00","dateModified":"2016-06-06T01:36:27+00:00","breadcrumb":{"@id":"https:\/\/abarentacar.com.ar\/informacion-adicional\/#breadcrumb"},"inLanguage":"pt-PT","potentialAction":[{"@type":"ReadAction","target":["https:\/\/abarentacar.com.ar\/informacion-adicional\/"]}]},{"@type":"BreadcrumbList","@id":"https:\/\/abarentacar.com.ar\/informacion-adicional\/#breadcrumb","itemListElement":[{"@type":"ListItem","position":1,"name":"Portada","item":"https:\/\/abarentacar.com.ar\/"},{"@type":"ListItem","position":2,"name":"Informaci\u00f3n adicional"}]},{"@type":"WebSite","@id":"https:\/\/abarentacar.com.ar\/#website","url":"https:\/\/abarentacar.com.ar\/","name":"Alquiler de autos en Bariloche y Patagonia","description":"ABA Rent a Car","publisher":{"@id":"https:\/\/abarentacar.com.ar\/#organization"},"potentialAction":[{"@type":"SearchAction","target":{"@type":"EntryPoint","urlTemplate":"https:\/\/abarentacar.com.ar\/?s={search_term_string}"},"query-input":"required name=search_term_string"}],"inLanguage":"pt-PT"},{"@type":"Organization","@id":"https:\/\/abarentacar.com.ar\/#organization","name":"Alquiler de autos en Bariloche y Patagonia","url":"https:\/\/abarentacar.com.ar\/","logo":{"@type":"ImageObject","inLanguage":"pt-PT","@id":"https:\/\/abarentacar.com.ar\/#\/schema\/logo\/image\/","url":"https:\/\/abarentacar.com.ar\/wp-content\/uploads\/2016\/06\/favicon3.png","contentUrl":"https:\/\/abarentacar.com.ar\/wp-content\/uploads\/2016\/06\/favicon3.png","width":110,"height":113,"caption":"Alquiler de autos en Bariloche y Patagonia"},"image":{"@id":"https:\/\/abarentacar.com.ar\/#\/schema\/logo\/image\/"},"sameAs":["https:\/\/www.facebook.com\/#!\/pages\/ABA-rent-a-car-Bariloche\/123013547780595"]}]}},"_links":{"self":[{"href":"https:\/\/abarentacar.com.ar\/pt\/wp-json\/wp\/v2\/pages\/8"}],"collection":[{"href":"https:\/\/abarentacar.com.ar\/pt\/wp-json\/wp\/v2\/pages"}],"about":[{"href":"https:\/\/abarentacar.com.ar\/pt\/wp-json\/wp\/v2\/types\/page"}],"author":[{"embeddable":true,"href":"https:\/\/abarentacar.com.ar\/pt\/wp-json\/wp\/v2\/users\/1"}],"replies":[{"embeddable":true,"href":"https:\/\/abarentacar.com.ar\/pt\/wp-json\/wp\/v2\/comments?post=8"}],"version-history":[{"count":5,"href":"https:\/\/abarentacar.com.ar\/pt\/wp-json\/wp\/v2\/pages\/8\/revisions"}],"predecessor-version":[{"id":949,"href":"https:\/\/abarentacar.com.ar\/pt\/wp-json\/wp\/v2\/pages\/8\/revisions\/949"}],"wp:attachment":[{"href":"https:\/\/abarentacar.com.ar\/pt\/wp-json\/wp\/v2\/media?parent=8"}],"curies":[{"name":"wp","href":"https:\/\/api.w.org\/{rel}","templated":true}]}}