{"id":23,"date":"2011-09-19T16:44:06","date_gmt":"2011-09-19T16:44:06","guid":{"rendered":"http:\/\/abarentacar.com.ar\/?page_id=23"},"modified":"2023-05-18T15:00:41","modified_gmt":"2023-05-18T18:00:41","slug":"quienes-somos","status":"publish","type":"page","link":"https:\/\/abarentacar.com.ar\/pt\/quem-somos\/","title":{"rendered":"Quem Somos"},"content":{"rendered":"<p>Somos uma empresa com mais de vinte anos de trajet\u00f3ria <strong>na cidade de San Carlos de Bariloche e Patag\u00f4nia Argentina.<\/strong><\/p>\n<p>Oferecemos assessoramento e o melhor atendimento personalizado.<br \/>\nContamos com uma ampla e moderna frota de ve\u00edculos.<\/p>\n<p><strong>ABA Rent a Car<\/strong> \u2013 Aluguel de ve\u00edculos sem motorista em Bariloche e Patag\u00f4nia Argentina d\u00e1-lhe as boas-vindas!<\/p>\n<p>Conhe\u00e7a nossa frota de ve\u00edculos e tarifas.<\/p>\n<p>Esperamos sua visita!<\/p>\n<p>Acompanhe-nos em\u00a0<a href=\"https:\/\/www.instagram.com\/abarentacar\" target=\"_blank\" rel=\"noopener\"><i class=\"fa fa-facebook\"><\/i> Instagram<\/a>.<\/p>","protected":false},"excerpt":{"rendered":"Somos uma empresa com mais de vinte anos de trajet\u00f3ria na cidade de San Carlos de Bariloche e Patag\u00f4nia Argentina. Oferecemos assessoramento e o melhor atendimento personalizado. Contamos com uma ampla e moderna frota de ve\u00edculos. ABA Rent a Car \u2013 Aluguel de ve\u00edculos sem motorista em Bariloche e Patag\u00f4nia Argentina d\u00e1-lhe as boas-vindas! Conhe\u00e7a&#8230; <a class=\"view-article\" href=\"https:\/\/abarentacar.com.ar\/pt\/quem-somos\/\">View Article<\/a>","protected":false},"author":1,"featured_media":1208,"parent":0,"menu_order":0,"comment_status":"open","ping_status":"open","template":"template_quienes_somos.php","meta":{"_joinchat":[]},"acf":[],"yoast_head":"<!-- This site is optimized with the Yoast SEO plugin v21.6 - https:\/\/yoast.com\/wordpress\/plugins\/seo\/ -->\n<title>Quem Somos - Alquiler de autos en Bariloche y Patagonia<\/title>\n<meta name=\"robots\" content=\"index, follow, max-snippet:-1, max-image-preview:large, max-video-preview:-1\" \/>\n<link rel=\"canonical\" href=\"https:\/\/abarentacar.com.ar\/quienes-somos\/\" \/>\n<meta property=\"og:locale\" content=\"pt_PT\" \/>\n<meta property=\"og:type\" content=\"article\" \/>\n<meta property=\"og:title\" content=\"Quem Somos - Alquiler de autos en Bariloche y Patagonia\" \/>\n<meta property=\"og:description\" content=\"Somos uma empresa com mais de vinte anos de trajet\u00f3ria na cidade de San Carlos de Bariloche e Patag\u00f4nia Argentina. Oferecemos assessoramento e o melhor atendimento personalizado. Contamos com uma ampla e moderna frota de ve\u00edculos. ABA Rent a Car \u2013 Aluguel de ve\u00edculos sem motorista em Bariloche e Patag\u00f4nia Argentina d\u00e1-lhe as boas-vindas! Conhe\u00e7a... View Article\" \/>\n<meta property=\"og:url\" content=\"https:\/\/abarentacar.com.ar\/quienes-somos\/\" \/>\n<meta property=\"og:site_name\" content=\"Alquiler de autos en Bariloche y Patagonia\" \/>\n<meta property=\"article:publisher\" content=\"https:\/\/www.facebook.com\/#%21%2fpages%2fABA-rent-a-car-Bariloche%2f123013547780595\" \/>\n<meta property=\"article:modified_time\" content=\"2023-05-18T18:00:41+00:00\" \/>\n<meta property=\"og:image\" content=\"https:\/\/abarentacar.com.ar\/wp-content\/uploads\/2023\/05\/1Blaco.png\" \/>\n\t<meta property=\"og:image:width\" content=\"1140\" \/>\n\t<meta property=\"og:image:height\" content=\"610\" \/>\n\t<meta property=\"og:image:type\" content=\"image\/png\" \/>\n<meta name=\"twitter:card\" content=\"summary_large_image\" \/>\n<meta name=\"twitter:label1\" content=\"Tempo estimado de leitura\" \/>\n\t<meta name=\"twitter:data1\" content=\"1 minuto\" \/>\n<script type=\"application\/ld+json\" class=\"yoast-schema-graph\">{\"@context\":\"https:\/\/schema.org\",\"@graph\":[{\"@type\":\"WebPage\",\"@id\":\"https:\/\/abarentacar.com.ar\/quienes-somos\/\",\"url\":\"https:\/\/abarentacar.com.ar\/quienes-somos\/\",\"name\":\"Quem Somos - Alquiler de autos en Bariloche y Patagonia\",\"isPartOf\":{\"@id\":\"https:\/\/abarentacar.com.ar\/#website\"},\"datePublished\":\"2011-09-19T16:44:06+00:00\",\"dateModified\":\"2023-05-18T18:00:41+00:00\",\"breadcrumb\":{\"@id\":\"https:\/\/abarentacar.com.ar\/quienes-somos\/#breadcrumb\"},\"inLanguage\":\"pt-PT\",\"potentialAction\":[{\"@type\":\"ReadAction\",\"target\":[\"https:\/\/abarentacar.com.ar\/quienes-somos\/\"]}]},{\"@type\":\"BreadcrumbList\",\"@id\":\"https:\/\/abarentacar.com.ar\/quienes-somos\/#breadcrumb\",\"itemListElement\":[{\"@type\":\"ListItem\",\"position\":1,\"name\":\"Portada\",\"item\":\"https:\/\/abarentacar.com.ar\/\"},{\"@type\":\"ListItem\",\"position\":2,\"name\":\"Qui\u00e9nes Somos\"}]},{\"@type\":\"WebSite\",\"@id\":\"https:\/\/abarentacar.com.ar\/#website\",\"url\":\"https:\/\/abarentacar.com.ar\/\",\"name\":\"Alquiler de autos en Bariloche y Patagonia\",\"description\":\"ABA Rent a Car\",\"publisher\":{\"@id\":\"https:\/\/abarentacar.com.ar\/#organization\"},\"potentialAction\":[{\"@type\":\"SearchAction\",\"target\":{\"@type\":\"EntryPoint\",\"urlTemplate\":\"https:\/\/abarentacar.com.ar\/?s={search_term_string}\"},\"query-input\":\"required name=search_term_string\"}],\"inLanguage\":\"pt-PT\"},{\"@type\":\"Organization\",\"@id\":\"https:\/\/abarentacar.com.ar\/#organization\",\"name\":\"Alquiler de autos en Bariloche y Patagonia\",\"url\":\"https:\/\/abarentacar.com.ar\/\",\"logo\":{\"@type\":\"ImageObject\",\"inLanguage\":\"pt-PT\",\"@id\":\"https:\/\/abarentacar.com.ar\/#\/schema\/logo\/image\/\",\"url\":\"https:\/\/abarentacar.com.ar\/wp-content\/uploads\/2016\/06\/favicon3.png\",\"contentUrl\":\"https:\/\/abarentacar.com.ar\/wp-content\/uploads\/2016\/06\/favicon3.png\",\"width\":110,\"height\":113,\"caption\":\"Alquiler de autos en Bariloche y Patagonia\"},\"image\":{\"@id\":\"https:\/\/abarentacar.com.ar\/#\/schema\/logo\/image\/\"},\"sameAs\":[\"https:\/\/www.facebook.com\/#!\/pages\/ABA-rent-a-car-Bariloche\/123013547780595\"]}]}<\/script>\n<!-- \/ Yoast SEO plugin. -->","yoast_head_json":{"title":"Quem Somos - Alquiler de autos en Bariloche y Patagonia","robots":{"index":"index","follow":"follow","max-snippet":"max-snippet:-1","max-image-preview":"max-image-preview:large","max-video-preview":"max-video-preview:-1"},"canonical":"https:\/\/abarentacar.com.ar\/quienes-somos\/","og_locale":"pt_PT","og_type":"article","og_title":"Quem Somos - Alquiler de autos en Bariloche y Patagonia","og_description":"Somos uma empresa com mais de vinte anos de trajet\u00f3ria na cidade de San Carlos de Bariloche e Patag\u00f4nia Argentina. Oferecemos assessoramento e o melhor atendimento personalizado. Contamos com uma ampla e moderna frota de ve\u00edculos. ABA Rent a Car \u2013 Aluguel de ve\u00edculos sem motorista em Bariloche e Patag\u00f4nia Argentina d\u00e1-lhe as boas-vindas! Conhe\u00e7a... View Article","og_url":"https:\/\/abarentacar.com.ar\/quienes-somos\/","og_site_name":"Alquiler de autos en Bariloche y Patagonia","article_publisher":"https:\/\/www.facebook.com\/#%21%2fpages%2fABA-rent-a-car-Bariloche%2f123013547780595","article_modified_time":"2023-05-18T18:00:41+00:00","og_image":[{"width":1140,"height":610,"url":"https:\/\/abarentacar.com.ar\/wp-content\/uploads\/2023\/05\/1Blaco.png","type":"image\/png"}],"twitter_card":"summary_large_image","twitter_misc":{"Tempo estimado de leitura":"1 minuto"},"schema":{"@context":"https:\/\/schema.org","@graph":[{"@type":"WebPage","@id":"https:\/\/abarentacar.com.ar\/quienes-somos\/","url":"https:\/\/abarentacar.com.ar\/quienes-somos\/","name":"Quem Somos - Alquiler de autos en Bariloche y Patagonia","isPartOf":{"@id":"https:\/\/abarentacar.com.ar\/#website"},"datePublished":"2011-09-19T16:44:06+00:00","dateModified":"2023-05-18T18:00:41+00:00","breadcrumb":{"@id":"https:\/\/abarentacar.com.ar\/quienes-somos\/#breadcrumb"},"inLanguage":"pt-PT","potentialAction":[{"@type":"ReadAction","target":["https:\/\/abarentacar.com.ar\/quienes-somos\/"]}]},{"@type":"BreadcrumbList","@id":"https:\/\/abarentacar.com.ar\/quienes-somos\/#breadcrumb","itemListElement":[{"@type":"ListItem","position":1,"name":"Portada","item":"https:\/\/abarentacar.com.ar\/"},{"@type":"ListItem","position":2,"name":"Qui\u00e9nes Somos"}]},{"@type":"WebSite","@id":"https:\/\/abarentacar.com.ar\/#website","url":"https:\/\/abarentacar.com.ar\/","name":"Alquiler de autos en Bariloche y Patagonia","description":"ABA Rent a Car","publisher":{"@id":"https:\/\/abarentacar.com.ar\/#organization"},"potentialAction":[{"@type":"SearchAction","target":{"@type":"EntryPoint","urlTemplate":"https:\/\/abarentacar.com.ar\/?s={search_term_string}"},"query-input":"required name=search_term_string"}],"inLanguage":"pt-PT"},{"@type":"Organization","@id":"https:\/\/abarentacar.com.ar\/#organization","name":"Alquiler de autos en Bariloche y Patagonia","url":"https:\/\/abarentacar.com.ar\/","logo":{"@type":"ImageObject","inLanguage":"pt-PT","@id":"https:\/\/abarentacar.com.ar\/#\/schema\/logo\/image\/","url":"https:\/\/abarentacar.com.ar\/wp-content\/uploads\/2016\/06\/favicon3.png","contentUrl":"https:\/\/abarentacar.com.ar\/wp-content\/uploads\/2016\/06\/favicon3.png","width":110,"height":113,"caption":"Alquiler de autos en Bariloche y Patagonia"},"image":{"@id":"https:\/\/abarentacar.com.ar\/#\/schema\/logo\/image\/"},"sameAs":["https:\/\/www.facebook.com\/#!\/pages\/ABA-rent-a-car-Bariloche\/123013547780595"]}]}},"_links":{"self":[{"href":"https:\/\/abarentacar.com.ar\/pt\/wp-json\/wp\/v2\/pages\/23"}],"collection":[{"href":"https:\/\/abarentacar.com.ar\/pt\/wp-json\/wp\/v2\/pages"}],"about":[{"href":"https:\/\/abarentacar.com.ar\/pt\/wp-json\/wp\/v2\/types\/page"}],"author":[{"embeddable":true,"href":"https:\/\/abarentacar.com.ar\/pt\/wp-json\/wp\/v2\/users\/1"}],"replies":[{"embeddable":true,"href":"https:\/\/abarentacar.com.ar\/pt\/wp-json\/wp\/v2\/comments?post=23"}],"version-history":[{"count":7,"href":"https:\/\/abarentacar.com.ar\/pt\/wp-json\/wp\/v2\/pages\/23\/revisions"}],"predecessor-version":[{"id":1207,"href":"https:\/\/abarentacar.com.ar\/pt\/wp-json\/wp\/v2\/pages\/23\/revisions\/1207"}],"wp:featuredmedia":[{"embeddable":true,"href":"https:\/\/abarentacar.com.ar\/pt\/wp-json\/wp\/v2\/media\/1208"}],"wp:attachment":[{"href":"https:\/\/abarentacar.com.ar\/pt\/wp-json\/wp\/v2\/media?parent=23"}],"curies":[{"name":"wp","href":"https:\/\/api.w.org\/{rel}","templated":true}]}}