{"id":1099,"date":"2019-09-14T11:14:34","date_gmt":"2019-09-14T14:14:34","guid":{"rendered":"https:\/\/abarentacar.com.ar\/?page_id=1099"},"modified":"2019-09-23T19:58:04","modified_gmt":"2019-09-23T22:58:04","slug":"reserva-con-tarjeta-de-credito","status":"publish","type":"page","link":"https:\/\/abarentacar.com.ar\/pt\/reservar-com-cartao-de-credito\/","title":{"rendered":"Reservar com cart\u00e3o de cr\u00e9dito"},"content":{"rendered":"<script type=\"text\/javascript\">var gform;gform||(document.addEventListener(\"gform_main_scripts_loaded\",function(){gform.scriptsLoaded=!0}),document.addEventListener(\"gform\/theme\/scripts_loaded\",function(){gform.themeScriptsLoaded=!0}),window.addEventListener(\"DOMContentLoaded\",function(){gform.domLoaded=!0}),gform={domLoaded:!1,scriptsLoaded:!1,themeScriptsLoaded:!1,isFormEditor:()=>\"function\"==typeof InitializeEditor,callIfLoaded:function(o){return!(!gform.domLoaded||!gform.scriptsLoaded||!gform.themeScriptsLoaded&&!gform.isFormEditor()||(gform.isFormEditor()&&console.warn(\"The use of gform.initializeOnLoaded() is deprecated in the form editor context and will be removed in Gravity Forms 3.1.\"),o(),0))},initializeOnLoaded:function(o){gform.callIfLoaded(o)||(document.addEventListener(\"gform_main_scripts_loaded\",()=>{gform.scriptsLoaded=!0,gform.callIfLoaded(o)}),document.addEventListener(\"gform\/theme\/scripts_loaded\",()=>{gform.themeScriptsLoaded=!0,gform.callIfLoaded(o)}),window.addEventListener(\"DOMContentLoaded\",()=>{gform.domLoaded=!0,gform.callIfLoaded(o)}))},hooks:{action:{},filter:{}},addAction:function(o,r,e,t){gform.addHook(\"action\",o,r,e,t)},addFilter:function(o,r,e,t){gform.addHook(\"filter\",o,r,e,t)},doAction:function(o){gform.doHook(\"action\",o,arguments)},applyFilters:function(o){return gform.doHook(\"filter\",o,arguments)},removeAction:function(o,r){gform.removeHook(\"action\",o,r)},removeFilter:function(o,r,e){gform.removeHook(\"filter\",o,r,e)},addHook:function(o,r,e,t,n){null==gform.hooks[o][r]&&(gform.hooks[o][r]=[]);var d=gform.hooks[o][r];null==n&&(n=r+\"_\"+d.length),gform.hooks[o][r].push({tag:n,callable:e,priority:t=null==t?10:t})},doHook:function(r,o,e){var t;if(e=Array.prototype.slice.call(e,1),null!=gform.hooks[r][o]&&((o=gform.hooks[r][o]).sort(function(o,r){return o.priority-r.priority}),o.forEach(function(o){\"function\"!=typeof(t=o.callable)&&(t=window[t]),\"action\"==r?t.apply(null,e):e[0]=t.apply(null,e)})),\"filter\"==r)return e[0]},removeHook:function(o,r,t,n){var e;null!=gform.hooks[o][r]&&(e=(e=gform.hooks[o][r]).filter(function(o,r,e){return!!(null!=n&&n!=o.tag||null!=t&&t!=o.priority)}),gform.hooks[o][r]=e)}});<\/script>\n                <div class='gf_browser_gecko gform_wrapper gform_legacy_markup_wrapper gform-theme--no-framework' data-form-theme='legacy' data-form-index='0' id='gform_wrapper_4' ><div id='gf_4' class='gform_anchor' tabindex='-1'><\/div>\n                        <div class='gform_heading'>\n                            <p class='gform_description'><\/p>\n                        <\/div><form method='post' enctype='multipart\/form-data' target='gform_ajax_frame_4' id='gform_4'  action=\"\/pt\/wp-json\/wp\/v2\/pages\/1099#gf_4\" data-formid='4' novalidate>\n                        <div class='gform-body gform_body'><ul id='gform_fields_4' class='gform_fields left_label form_sublabel_below description_below validation_below'><li id=\"field_4_12\" class=\"gfield gfield--type-section gsection field_sublabel_below gfield--no-description field_description_below field_validation_below gfield_visibility_visible\"  data-js-reload=\"field_4_12\" ><h2 class=\"gsection_title\">Dados pessoais<\/h2><\/li><li id=\"field_4_13\" class=\"gfield gfield--type-text gfield_contains_required field_sublabel_below gfield--no-description field_description_below field_validation_below gfield_visibility_visible\"  data-js-reload=\"field_4_13\" ><label class='gfield_label gform-field-label' for='input_4_13'>Nome<span class=\"gfield_required\"><span class=\"gfield_required gfield_required_asterisk\">*<\/span><\/span><\/label><div class='ginput_container ginput_container_text'><input name='input_13' id='input_4_13' type='text' value='' class='medium'     aria-required=\"true\" aria-invalid=\"false\"   \/><\/div><\/li><li id=\"field_4_15\" class=\"gfield gfield--type-email gfield_contains_required field_sublabel_below gfield--no-description field_description_below field_validation_below gfield_visibility_visible\"  data-js-reload=\"field_4_15\" ><label class='gfield_label gform-field-label' for='input_4_15'>Email<span class=\"gfield_required\"><span class=\"gfield_required gfield_required_asterisk\">*<\/span><\/span><\/label><div class='ginput_container ginput_container_email'>\n                            <input name='input_15' id='input_4_15' type='email' value='' class='medium'    aria-required=\"true\" aria-invalid=\"false\"  \/>\n                        <\/div><\/li><li id=\"field_4_16\" class=\"gfield gfield--type-text gfield_contains_required field_sublabel_below gfield--no-description field_description_below field_validation_below gfield_visibility_visible\"  data-js-reload=\"field_4_16\" ><label class='gfield_label gform-field-label' for='input_4_16'>Telefone<span class=\"gfield_required\"><span class=\"gfield_required gfield_required_asterisk\">*<\/span><\/span><\/label><div class='ginput_container ginput_container_text'><input name='input_16' id='input_4_16' type='text' value='' class='medium'     aria-required=\"true\" aria-invalid=\"false\"   \/><\/div><\/li><li id=\"field_4_4\" class=\"gfield gfield--type-section gsection field_sublabel_below gfield--no-description field_description_below field_validation_below gfield_visibility_visible\"  data-js-reload=\"field_4_4\" ><h2 class=\"gsection_title\">Dados da Reserva<\/h2><\/li><li id=\"field_4_1\" class=\"gfield gfield--type-textarea gfield_contains_required field_sublabel_below gfield--no-description field_description_below field_validation_below gfield_visibility_visible\"  data-js-reload=\"field_4_1\" ><label class='gfield_label gform-field-label' for='input_4_1'>N\u00famero da reserva<span class=\"gfield_required\"><span class=\"gfield_required gfield_required_asterisk\">*<\/span><\/span><\/label><div class='ginput_container ginput_container_textarea'><textarea name='input_1' id='input_4_1' class='textarea small'     aria-required=\"true\" aria-invalid=\"false\"   rows='10' cols='50'><\/textarea><\/div><\/li><li id=\"field_4_6\" class=\"gfield gfield--type-text gfield_contains_required field_sublabel_below gfield--no-description field_description_below field_validation_below gfield_visibility_visible\"  data-js-reload=\"field_4_6\" ><label class='gfield_label gform-field-label' for='input_4_6'>Valor da reserva a ser paga<span class=\"gfield_required\"><span class=\"gfield_required gfield_required_asterisk\">*<\/span><\/span><\/label><div class='ginput_container ginput_container_text'><input name='input_6' id='input_4_6' type='text' value='' class='medium'     aria-required=\"true\" aria-invalid=\"false\"   \/><\/div><\/li><li id=\"field_4_18\" class=\"gfield gfield--type-select field_sublabel_below gfield--no-description field_description_below field_validation_below gfield_visibility_visible\"  data-js-reload=\"field_4_18\" ><label class='gfield_label gform-field-label' for='input_4_18'>D\u00edvidas<\/label><div class='ginput_container ginput_container_select'><select name='input_18' id='input_4_18' class='medium gfield_select'     aria-invalid=\"false\" ><option value='1 parcela' selected='selected'>1 parcela<\/option><option value='6x sem juros' >6x sem juros<\/option><option value='12x sem juros' >12x sem juros<\/option><option value='18x sem juros' >18x sem juros<\/option><\/select><\/div><\/li><li id=\"field_4_7\" class=\"gfield gfield--type-section gsection field_sublabel_below gfield--no-description field_description_below field_validation_below gfield_visibility_visible\"  data-js-reload=\"field_4_7\" ><h2 class=\"gsection_title\">Informa\u00e7\u00f5es sobre cart\u00e3o de cr\u00e9dito<\/h2><\/li><li id=\"field_4_8\" class=\"gfield gfield--type-text col02Form blockPhone gfield_contains_required field_sublabel_below gfield--no-description field_description_below field_validation_below gfield_visibility_visible\"  data-js-reload=\"field_4_8\" ><label class='gfield_label gform-field-label' for='input_4_8'>Nome do titular do cart\u00e3o<span class=\"gfield_required\"><span class=\"gfield_required gfield_required_asterisk\">*<\/span><\/span><\/label><div class='ginput_container ginput_container_text'><input name='input_8' id='input_4_8' type='text' value='' class='medium'     aria-required=\"true\" aria-invalid=\"false\"   \/><\/div><\/li><li id=\"field_4_9\" class=\"gfield gfield--type-text col02Form blockPhone gfield_contains_required field_sublabel_below gfield--no-description field_description_below field_validation_below gfield_visibility_visible\"  data-js-reload=\"field_4_9\" ><label class='gfield_label gform-field-label' for='input_4_9'>N\u00famero do cart\u00e3o de d\u00e9bito \/ cr\u00e9dito<span class=\"gfield_required\"><span class=\"gfield_required gfield_required_asterisk\">*<\/span><\/span><\/label><div class='ginput_container ginput_container_text'><input name='input_9' id='input_4_9' type='text' value='' class='medium'     aria-required=\"true\" aria-invalid=\"false\"   \/><\/div><\/li><li id=\"field_4_10\" class=\"gfield gfield--type-text col02Form blockPhone gfield_contains_required field_sublabel_below gfield--has-description field_description_below field_validation_below gfield_visibility_visible\"  data-js-reload=\"field_4_10\" ><label class='gfield_label gform-field-label' for='input_4_10'>Data de vencimento<span class=\"gfield_required\"><span class=\"gfield_required gfield_required_asterisk\">*<\/span><\/span><\/label><div class='ginput_container ginput_container_text'><input name='input_10' id='input_4_10' type='text' value='' class='medium'  aria-describedby=\"gfield_description_4_10\"  placeholder='mm\/yyyy' aria-required=\"true\" aria-invalid=\"false\"   \/><\/div><div class='gfield_description' id='gfield_description_4_10'>M\u00eas e ano<\/div><\/li><li id=\"field_4_11\" class=\"gfield gfield--type-text col01Form blockPhone gfield_contains_required field_sublabel_below gfield--no-description field_description_below field_validation_below gfield_visibility_visible\"  data-js-reload=\"field_4_11\" ><label class='gfield_label gform-field-label' for='input_4_11'>C\u00f3digo de seguran\u00e7a<span class=\"gfield_required\"><span class=\"gfield_required gfield_required_asterisk\">*<\/span><\/span><\/label><div class='ginput_container ginput_container_text'><input name='input_11' id='input_4_11' type='text' value='' class='small' maxlength='4'    aria-required=\"true\" aria-invalid=\"false\"   \/><\/div><\/li><\/ul><\/div>\n        <div class='gform-footer gform_footer left_label'> <input type='submit' id='gform_submit_button_4' class='gform_button button' onclick='gform.submission.handleButtonClick(this);' value='Enviar'  \/> <input type='hidden' name='gform_ajax' value='form_id=4&amp;title=&amp;description=1&amp;tabindex=0&amp;theme=legacy' \/>\n            <input type='hidden' class='gform_hidden' name='gform_submission_method' data-js='gform_submission_method_4' value='iframe' \/>\n            <input type='hidden' class='gform_hidden' name='gform_theme' data-js='gform_theme_4' id='gform_theme_4' value='legacy' \/>\n            <input type='hidden' class='gform_hidden' name='gform_style_settings' data-js='gform_style_settings_4' id='gform_style_settings_4' value='' \/>\n            <input type='hidden' class='gform_hidden' name='is_submit_4' value='1' \/>\n            <input type='hidden' class='gform_hidden' name='gform_submit' value='4' \/>\n            \n            <input type='hidden' class='gform_hidden' name='gform_unique_id' value='' \/>\n            <input type='hidden' class='gform_hidden' name='state_4' value='WyJbXSIsIjYxYWE5ZjU3NjViMmY4ZjkxNTUxZTJjODY0MmI5ZmQ3Il0=' \/>\n            <input type='hidden' autocomplete='off' class='gform_hidden' name='gform_target_page_number_4' id='gform_target_page_number_4' value='0' \/>\n            <input type='hidden' autocomplete='off' class='gform_hidden' name='gform_source_page_number_4' id='gform_source_page_number_4' value='1' \/>\n            <input type='hidden' name='gform_field_values' value='' \/>\n            \n        <\/div>\n                        <\/form>\n                        <\/div>\n\t\t                <iframe style='display:none;width:0px;height:0px;' src='about:blank' name='gform_ajax_frame_4' id='gform_ajax_frame_4' title='Esta iframe cont\u00e9m a l\u00f3gica requerida para gerir Gravity Forms via AJAX.'><\/iframe>\n\t\t                <script type=\"text\/javascript\">\ngform.initializeOnLoaded( function() {gformInitSpinner( 4, 'https:\/\/abarentacar.com.ar\/wp-content\/plugins\/gravityforms\/images\/spinner.svg', true );jQuery('#gform_ajax_frame_4').on('load',function(){var contents = jQuery(this).contents().find('*').html();var is_postback = contents.indexOf('GF_AJAX_POSTBACK') >= 0;if(!is_postback){return;}var form_content = jQuery(this).contents().find('#gform_wrapper_4');var is_confirmation = jQuery(this).contents().find('#gform_confirmation_wrapper_4').length > 0;var is_redirect = contents.indexOf('gformRedirect(){') >= 0;var is_form = form_content.length > 0 && ! is_redirect && ! is_confirmation;var mt = parseInt(jQuery('html').css('margin-top'), 10) + parseInt(jQuery('body').css('margin-top'), 10) + 100;if(is_form){jQuery('#gform_wrapper_4').html(form_content.html());if(form_content.hasClass('gform_validation_error')){jQuery('#gform_wrapper_4').addClass('gform_validation_error');} else {jQuery('#gform_wrapper_4').removeClass('gform_validation_error');}setTimeout( function() { \/* delay the scroll by 50 milliseconds to fix a bug in chrome *\/ jQuery(document).scrollTop(jQuery('#gform_wrapper_4').offset().top - mt); }, 50 );if(window['gformInitDatepicker']) {gformInitDatepicker();}if(window['gformInitPriceFields']) {gformInitPriceFields();}var current_page = jQuery('#gform_source_page_number_4').val();gformInitSpinner( 4, 'https:\/\/abarentacar.com.ar\/wp-content\/plugins\/gravityforms\/images\/spinner.svg', true );jQuery(document).trigger('gform_page_loaded', [4, current_page]);window['gf_submitting_4'] = false;}else if(!is_redirect){var confirmation_content = jQuery(this).contents().find('.GF_AJAX_POSTBACK').html();if(!confirmation_content){confirmation_content = contents;}jQuery('#gform_wrapper_4').replaceWith(confirmation_content);jQuery(document).scrollTop(jQuery('#gf_4').offset().top - mt);jQuery(document).trigger('gform_confirmation_loaded', [4]);window['gf_submitting_4'] = false;wp.a11y.speak(jQuery('#gform_confirmation_message_4').text());}else{jQuery('#gform_4').append(contents);if(window['gformRedirect']) {gformRedirect();}}jQuery(document).trigger(\"gform_pre_post_render\", [{ formId: \"4\", currentPage: \"current_page\", abort: function() { this.preventDefault(); } }]);                if (event && event.defaultPrevented) {                return;         }        const gformWrapperDiv = document.getElementById( \"gform_wrapper_4\" );        if ( gformWrapperDiv ) {            const visibilitySpan = document.createElement( \"span\" );            visibilitySpan.id = \"gform_visibility_test_4\";            gformWrapperDiv.insertAdjacentElement( \"afterend\", visibilitySpan );        }        const visibilityTestDiv = document.getElementById( \"gform_visibility_test_4\" );        let postRenderFired = false;                function triggerPostRender() {            if ( postRenderFired ) {                return;            }            postRenderFired = true;            jQuery( document ).trigger( 'gform_post_render', [4, current_page] );            gform.utils.trigger( { event: 'gform\/postRender', native: false, data: { formId: 4, currentPage: current_page } } );            gform.utils.trigger( { event: 'gform\/post_render', native: false, data: { formId: 4, currentPage: current_page } } );            if ( visibilityTestDiv ) {                visibilityTestDiv.parentNode.removeChild( visibilityTestDiv );            }        }        function debounce( func, wait, immediate ) {            var timeout;            return function() {                var context = this, args = arguments;                var later = function() {                    timeout = null;                    if ( !immediate ) func.apply( context, args );                };                var callNow = immediate && !timeout;                clearTimeout( timeout );                timeout = setTimeout( later, wait );                if ( callNow ) func.apply( context, args );            };        }        const debouncedTriggerPostRender = debounce( function() {            triggerPostRender();        }, 200 );        if ( visibilityTestDiv && visibilityTestDiv.offsetParent === null ) {            const observer = new MutationObserver( ( mutations ) => {                mutations.forEach( ( mutation ) => {                    if ( mutation.type === 'attributes' && visibilityTestDiv.offsetParent !== null ) {                        debouncedTriggerPostRender();                        observer.disconnect();                    }                });            });            observer.observe( document.body, {                attributes: true,                childList: false,                subtree: true,                attributeFilter: [ 'style', 'class' ],            });        } else {            triggerPostRender();        }    } );} );\n<\/script>\n\n","protected":false},"excerpt":{"rendered":"","protected":false},"author":1,"featured_media":0,"parent":0,"menu_order":0,"comment_status":"closed","ping_status":"closed","template":"template_contacto.php","meta":{"_joinchat":[]},"acf":[],"yoast_head":"<!-- This site is optimized with the Yoast SEO plugin v21.6 - https:\/\/yoast.com\/wordpress\/plugins\/seo\/ -->\n<title>Reservar com cart\u00e3o de cr\u00e9dito - Alquiler de autos en Bariloche y Patagonia<\/title>\n<meta name=\"robots\" content=\"index, follow, max-snippet:-1, max-image-preview:large, max-video-preview:-1\" \/>\n<link rel=\"canonical\" href=\"https:\/\/abarentacar.com.ar\/reserva-con-tarjeta-de-credito\/\" \/>\n<meta property=\"og:locale\" content=\"pt_PT\" \/>\n<meta property=\"og:type\" content=\"article\" \/>\n<meta property=\"og:title\" content=\"Reservar com cart\u00e3o de cr\u00e9dito - Alquiler de autos en Bariloche y Patagonia\" \/>\n<meta property=\"og:url\" content=\"https:\/\/abarentacar.com.ar\/reserva-con-tarjeta-de-credito\/\" \/>\n<meta property=\"og:site_name\" content=\"Alquiler de autos en Bariloche y Patagonia\" \/>\n<meta property=\"article:publisher\" content=\"https:\/\/www.facebook.com\/#%21%2fpages%2fABA-rent-a-car-Bariloche%2f123013547780595\" \/>\n<meta property=\"article:modified_time\" content=\"2019-09-23T22:58:04+00:00\" \/>\n<meta property=\"og:image\" content=\"https:\/\/abarentacar.com.ar\/wp-content\/uploads\/2016\/06\/abarentacar.jpg\" \/>\n\t<meta property=\"og:image:width\" content=\"800\" \/>\n\t<meta property=\"og:image:height\" content=\"400\" \/>\n\t<meta property=\"og:image:type\" content=\"image\/jpeg\" \/>\n<meta name=\"twitter:card\" content=\"summary_large_image\" \/>\n<script type=\"application\/ld+json\" class=\"yoast-schema-graph\">{\"@context\":\"https:\/\/schema.org\",\"@graph\":[{\"@type\":\"WebPage\",\"@id\":\"https:\/\/abarentacar.com.ar\/reserva-con-tarjeta-de-credito\/\",\"url\":\"https:\/\/abarentacar.com.ar\/reserva-con-tarjeta-de-credito\/\",\"name\":\"Reservar com cart\u00e3o de cr\u00e9dito - Alquiler de autos en Bariloche y Patagonia\",\"isPartOf\":{\"@id\":\"https:\/\/abarentacar.com.ar\/#website\"},\"datePublished\":\"2019-09-14T14:14:34+00:00\",\"dateModified\":\"2019-09-23T22:58:04+00:00\",\"breadcrumb\":{\"@id\":\"https:\/\/abarentacar.com.ar\/reserva-con-tarjeta-de-credito\/#breadcrumb\"},\"inLanguage\":\"pt-PT\",\"potentialAction\":[{\"@type\":\"ReadAction\",\"target\":[\"https:\/\/abarentacar.com.ar\/reserva-con-tarjeta-de-credito\/\"]}]},{\"@type\":\"BreadcrumbList\",\"@id\":\"https:\/\/abarentacar.com.ar\/reserva-con-tarjeta-de-credito\/#breadcrumb\",\"itemListElement\":[{\"@type\":\"ListItem\",\"position\":1,\"name\":\"Portada\",\"item\":\"https:\/\/abarentacar.com.ar\/\"},{\"@type\":\"ListItem\",\"position\":2,\"name\":\"Reserva con Tarjeta de Cr\u00e9dito\"}]},{\"@type\":\"WebSite\",\"@id\":\"https:\/\/abarentacar.com.ar\/#website\",\"url\":\"https:\/\/abarentacar.com.ar\/\",\"name\":\"Alquiler de autos en Bariloche y Patagonia\",\"description\":\"ABA Rent a Car\",\"publisher\":{\"@id\":\"https:\/\/abarentacar.com.ar\/#organization\"},\"potentialAction\":[{\"@type\":\"SearchAction\",\"target\":{\"@type\":\"EntryPoint\",\"urlTemplate\":\"https:\/\/abarentacar.com.ar\/?s={search_term_string}\"},\"query-input\":\"required name=search_term_string\"}],\"inLanguage\":\"pt-PT\"},{\"@type\":\"Organization\",\"@id\":\"https:\/\/abarentacar.com.ar\/#organization\",\"name\":\"Alquiler de autos en Bariloche y Patagonia\",\"url\":\"https:\/\/abarentacar.com.ar\/\",\"logo\":{\"@type\":\"ImageObject\",\"inLanguage\":\"pt-PT\",\"@id\":\"https:\/\/abarentacar.com.ar\/#\/schema\/logo\/image\/\",\"url\":\"https:\/\/abarentacar.com.ar\/wp-content\/uploads\/2016\/06\/favicon3.png\",\"contentUrl\":\"https:\/\/abarentacar.com.ar\/wp-content\/uploads\/2016\/06\/favicon3.png\",\"width\":110,\"height\":113,\"caption\":\"Alquiler de autos en Bariloche y Patagonia\"},\"image\":{\"@id\":\"https:\/\/abarentacar.com.ar\/#\/schema\/logo\/image\/\"},\"sameAs\":[\"https:\/\/www.facebook.com\/#!\/pages\/ABA-rent-a-car-Bariloche\/123013547780595\"]}]}<\/script>\n<!-- \/ Yoast SEO plugin. -->","yoast_head_json":{"title":"Reservar com cart\u00e3o de cr\u00e9dito - Alquiler de autos en Bariloche y Patagonia","robots":{"index":"index","follow":"follow","max-snippet":"max-snippet:-1","max-image-preview":"max-image-preview:large","max-video-preview":"max-video-preview:-1"},"canonical":"https:\/\/abarentacar.com.ar\/reserva-con-tarjeta-de-credito\/","og_locale":"pt_PT","og_type":"article","og_title":"Reservar com cart\u00e3o de cr\u00e9dito - Alquiler de autos en Bariloche y Patagonia","og_url":"https:\/\/abarentacar.com.ar\/reserva-con-tarjeta-de-credito\/","og_site_name":"Alquiler de autos en Bariloche y Patagonia","article_publisher":"https:\/\/www.facebook.com\/#%21%2fpages%2fABA-rent-a-car-Bariloche%2f123013547780595","article_modified_time":"2019-09-23T22:58:04+00:00","og_image":[{"width":800,"height":400,"url":"https:\/\/abarentacar.com.ar\/wp-content\/uploads\/2016\/06\/abarentacar.jpg","type":"image\/jpeg"}],"twitter_card":"summary_large_image","schema":{"@context":"https:\/\/schema.org","@graph":[{"@type":"WebPage","@id":"https:\/\/abarentacar.com.ar\/reserva-con-tarjeta-de-credito\/","url":"https:\/\/abarentacar.com.ar\/reserva-con-tarjeta-de-credito\/","name":"Reservar com cart\u00e3o de cr\u00e9dito - Alquiler de autos en Bariloche y Patagonia","isPartOf":{"@id":"https:\/\/abarentacar.com.ar\/#website"},"datePublished":"2019-09-14T14:14:34+00:00","dateModified":"2019-09-23T22:58:04+00:00","breadcrumb":{"@id":"https:\/\/abarentacar.com.ar\/reserva-con-tarjeta-de-credito\/#breadcrumb"},"inLanguage":"pt-PT","potentialAction":[{"@type":"ReadAction","target":["https:\/\/abarentacar.com.ar\/reserva-con-tarjeta-de-credito\/"]}]},{"@type":"BreadcrumbList","@id":"https:\/\/abarentacar.com.ar\/reserva-con-tarjeta-de-credito\/#breadcrumb","itemListElement":[{"@type":"ListItem","position":1,"name":"Portada","item":"https:\/\/abarentacar.com.ar\/"},{"@type":"ListItem","position":2,"name":"Reserva con Tarjeta de Cr\u00e9dito"}]},{"@type":"WebSite","@id":"https:\/\/abarentacar.com.ar\/#website","url":"https:\/\/abarentacar.com.ar\/","name":"Alquiler de autos en Bariloche y Patagonia","description":"ABA Rent a Car","publisher":{"@id":"https:\/\/abarentacar.com.ar\/#organization"},"potentialAction":[{"@type":"SearchAction","target":{"@type":"EntryPoint","urlTemplate":"https:\/\/abarentacar.com.ar\/?s={search_term_string}"},"query-input":"required name=search_term_string"}],"inLanguage":"pt-PT"},{"@type":"Organization","@id":"https:\/\/abarentacar.com.ar\/#organization","name":"Alquiler de autos en Bariloche y Patagonia","url":"https:\/\/abarentacar.com.ar\/","logo":{"@type":"ImageObject","inLanguage":"pt-PT","@id":"https:\/\/abarentacar.com.ar\/#\/schema\/logo\/image\/","url":"https:\/\/abarentacar.com.ar\/wp-content\/uploads\/2016\/06\/favicon3.png","contentUrl":"https:\/\/abarentacar.com.ar\/wp-content\/uploads\/2016\/06\/favicon3.png","width":110,"height":113,"caption":"Alquiler de autos en Bariloche y Patagonia"},"image":{"@id":"https:\/\/abarentacar.com.ar\/#\/schema\/logo\/image\/"},"sameAs":["https:\/\/www.facebook.com\/#!\/pages\/ABA-rent-a-car-Bariloche\/123013547780595"]}]}},"_links":{"self":[{"href":"https:\/\/abarentacar.com.ar\/pt\/wp-json\/wp\/v2\/pages\/1099"}],"collection":[{"href":"https:\/\/abarentacar.com.ar\/pt\/wp-json\/wp\/v2\/pages"}],"about":[{"href":"https:\/\/abarentacar.com.ar\/pt\/wp-json\/wp\/v2\/types\/page"}],"author":[{"embeddable":true,"href":"https:\/\/abarentacar.com.ar\/pt\/wp-json\/wp\/v2\/users\/1"}],"replies":[{"embeddable":true,"href":"https:\/\/abarentacar.com.ar\/pt\/wp-json\/wp\/v2\/comments?post=1099"}],"version-history":[{"count":1,"href":"https:\/\/abarentacar.com.ar\/pt\/wp-json\/wp\/v2\/pages\/1099\/revisions"}],"predecessor-version":[{"id":1101,"href":"https:\/\/abarentacar.com.ar\/pt\/wp-json\/wp\/v2\/pages\/1099\/revisions\/1101"}],"wp:attachment":[{"href":"https:\/\/abarentacar.com.ar\/pt\/wp-json\/wp\/v2\/media?parent=1099"}],"curies":[{"name":"wp","href":"https:\/\/api.w.org\/{rel}","templated":true}]}}